{"id":788,"date":"2025-01-11T22:16:37","date_gmt":"2025-01-11T22:16:37","guid":{"rendered":"https:\/\/detectivestarrega.com\/politica-de-cookies\/"},"modified":"2025-08-22T09:40:55","modified_gmt":"2025-08-22T09:40:55","slug":"politica-de-cookies","status":"publish","type":"page","link":"https:\/\/detectivestarrega.com\/ca\/politica-de-cookies\/","title":{"rendered":"Pol\u00edtica de cookies"},"content":{"rendered":"<section class=\"text_content_text_1_1 background-1-light\" data-block-id=\"69e104d2c2eee69e104d2c2eef\" data-block-name=\"acf\/textcontent-1-1\" data-post-id=\"788\" data-stable-id=\"block_ce3f3fdd69c385be00f9c9715e1f6fbf\">\r\n    <div class=\"container\">\r\n        <div class=\"row\">\r\n            <div class=\"col\">\r\n                <div class=\"content-theme\">\r\n                                        <div class=\"texto color-1-headings-dark tamano7\">\r\n                        <h2 style='text-align: center'>POL\u00cdTICA DE COOKIES <br \/>\n        https:\/\/detectivestarrega.com\/ca\/<\/h2>\n<p>        &nbsp;<\/p>\n<p>\n        L&#8217;acc\u00e9s a aquest Lloc Web pot implicar la utilitzaci\u00f3 de cookies. Les cookies s\u00f3n petites quantitats d&#8217;informaci\u00f3 que s&#8217;emmagatzemen en el navegador utilitzat per cada Usuari \u2014en els diferents dispositius que pugui utilitzar per navegar\u2014 perqu\u00e8 el servidor recordi certa informaci\u00f3 que posteriorment i \u00fanicament el servidor que la va implementar llegir\u00e0. Les cookies faciliten la navegaci\u00f3, la fan m\u00e9s amigable, i no danyen el dispositiu de navegaci\u00f3.<\/p>\n<p>\n        Les cookies s\u00f3n procediments autom\u00e0tics de recollida d&#8217;informaci\u00f3 relativa a les prefer\u00e8ncies determinades per l&#8217;Usuari durant la seva visita al Lloc Web amb la finalitat de recon\u00e8ixer-lo com a Usuari, i personalitzar la seva experi\u00e8ncia i l&#8217;\u00fas del Lloc Web, i poden tamb\u00e9, per exemple, ajudar a identificar i resoldre errors.\n        <\/p>\n<p>\n        La informaci\u00f3 recollida a trav\u00e9s de les cookies pot incloure la data i hora de visites al Lloc Web, les p\u00e0gines visionades, el temps que ha estat al Lloc Web i els llocs visitats just abans i despr\u00e9s del mateix. No obstant aix\u00f2, cap cookie permet que aquesta mateixa pugui contactar amb el n\u00famero de tel\u00e8fon de l&#8217;Usuari o amb qualsevol altre mitj\u00e0 de contacte personal. Cap cookie pot extreure informaci\u00f3 del disc dur de l&#8217;Usuari o robar informaci\u00f3 personal. L&#8217;\u00fanica manera que la informaci\u00f3 privada de l&#8217;Usuari formi part de l&#8217;arxiu Cookie \u00e9s que l&#8217;usuari doni personalment aquesta informaci\u00f3 al servidor.<\/p>\n<p>\n        Les cookies que permeten identificar una persona es consideren dades personals. Per tant, a les mateixes els ser\u00e0 d&#8217;aplicaci\u00f3 la Pol\u00edtica de Privacitat anteriorment descrita. En aquest sentit, per a la utilitzaci\u00f3 de les mateixes ser\u00e0 necessari el consentiment de l&#8217;Usuari. Aquest consentiment ser\u00e0 comunicat, en base a una elecci\u00f3 aut\u00e8ntica, ofert mitjan\u00e7ant una decisi\u00f3 afirmativa i positiva, abans del tractament inicial, removible i documentat.<\/p>\n<p>        &nbsp;<\/p>\n<h4>Cookies pr\u00f2pies<\/h4>\n<p>\n        S\u00f3n aquelles cookies que s\u00f3n enviades a l&#8217;ordinador o dispositiu de l&#8217;Usuari i gestionades exclusivament per Blog de Nora Figueras Hereu per al millor funcionament del Lloc Web. La informaci\u00f3 que es recull s&#8217;empra per millorar la qualitat del Lloc Web i el seu Contingut i la seva experi\u00e8ncia com a Usuari. Aquestes cookies permeten recon\u00e8ixer l&#8217;Usuari com a visitant recurrent del Lloc Web i adaptar el contingut per oferir-li continguts que s&#8217;ajustin a les seves prefer\u00e8ncies.<\/p>\n<p>        &nbsp;<\/p>\n<h4>Cookies de tercers<\/h4>\n<p>\n        S\u00f3n cookies utilitzades i gestionades per entitats externes que proporcionen a Blog de Nora Figueras Hereu serveis sol\u00b7licitats per aquest mateix per millorar el Lloc Web i l&#8217;experi\u00e8ncia de l&#8217;usuari en navegar pel Lloc Web. Els principals objectius per als quals s&#8217;utilitzen cookies de tercers s\u00f3n l&#8217;obtenci\u00f3 d&#8217;estad\u00edstiques d&#8217;accessos i analitzar la informaci\u00f3 de la navegaci\u00f3, \u00e9s a dir, com interactua l&#8217;Usuari amb el Lloc Web.<\/p>\n<p>\n        La informaci\u00f3 que s&#8217;obt\u00e9 es refereix, per exemple, al nombre de p\u00e0gines visitades, l&#8217;idioma, el lloc a qu\u00e8 la direcci\u00f3 IP des de la qual accedeix l&#8217;Usuari, el nombre d&#8217;Usuaris que accedeixen, la freq\u00fc\u00e8ncia i reincid\u00e8ncia de les visites, el temps de visita, el navegador que usen, l&#8217;operador o tipus de dispositiu des del qual es realitza la visita. Aquesta informaci\u00f3 s&#8217;utilitza per millorar el Lloc Web, i detectar noves necessitats per oferir als Usuaris un Contingut i\/o servei de qualitat \u00f2ptima. En tot cas, la informaci\u00f3 es recopila de manera an\u00f2nima i s&#8217;elaboren informes de tend\u00e8ncies del Lloc Web sense identificar a usuaris individuals.<\/p>\n<p>\n        Pot obtenir m\u00e9s informaci\u00f3 sobre les cookies, la informaci\u00f3 sobre la privacitat, o consultar la descripci\u00f3 del tipus de cookies que s&#8217;utilitza, les seves principals caracter\u00edstiques, per\u00edode d&#8217;expiraci\u00f3, etc. al seg\u00fcent(s) enlla\u00e7(s):\n        <\/p>\n<p>\n        La(s) entitat(s) encarregada(s) del subministrament de cookies podr\u00e0(n) cedir aquesta informaci\u00f3 a tercers, sempre que ho exigeixi la llei o sigui un tercer el que processi aquesta informaci\u00f3 per a aquestes entitats.\n        <\/p>\n<p>        &nbsp;<\/p>\n<h4>\n        Cookies de xarxes socials<\/h4>\n<p>\n        Blog de Nora Figueras Hereu incorpora plugins de xarxes socials, que permeten accedir a les mateixes a partir del Lloc Web. Per aquesta ra\u00f3, les cookies de xarxes socials poden emmagatzemar-se en el navegador de l&#8217;Usuari. Els titulars d&#8217;aquestes xarxes socials disposen de les seves pr\u00f2pies pol\u00edtiques de protecci\u00f3 de dades i de cookies, sent ells mateixos, en cada cas, responsables dels seus propis fitxers i de les seves pr\u00f2pies pr\u00e0ctiques de privacitat. L&#8217;Usuari ha de referir-se a les mateixes per informar-se sobre aquestes cookies i, si escau, del tractament de les seves dades personals. \u00danicament a t\u00edtol informatiu s&#8217;indiquen a continuaci\u00f3 els enlla\u00e7os en els quals es poden consultar aquestes pol\u00edtiques de privacitat i\/o de cookies:<\/p>\n<ul>\n<li>Facebook: <a href='https:\/\/www.facebook.com\/policies\/cookies\/'>https:\/\/www.facebook.com\/policies\/cookies\/<\/a><\/li>\n<li>Twitter: <a href='https:\/\/twitter.com\/es\/privacy'>https:\/\/twitter.com\/es\/privacy<\/a><\/li>\n<li>Instagram: <a href='https:\/\/help.instagram.com\/1896641480634370?ref=ig'>https:\/\/help.instagram.com\/1896641480634370?ref=ig<\/a><\/li>\n<li>YouTube: <a href='https:\/\/policies.google.com\/privacy?hl=es-419&amp;gl=mx'>https:\/\/policies.google.com\/privacy?hl=es-419&amp;gl=mx<\/a><\/li>\n<li>Pinterest: <a href='https:\/\/policy.pinterest.com\/es\/privacy-policy'>https:\/\/policy.pinterest.com\/es\/privacy-policy<\/a><\/li>\n<li>LinkedIn: <a href='https:\/\/www.linkedin.com\/legal\/cookie-policy?trk=hp-cookies'>https:\/\/www.linkedin.com\/legal\/cookie-policy?trk=hp-cookies<\/a><\/li>\n<li>Deshabilitar, rebutjar i eliminar cookies<\/li>\n<\/ul>\n<p>\n        L&#8217;Usuari pot deshabilitar, rebutjar i eliminar les cookies \u2014totalment o parcialment\u2014 instal\u00b7lades en el seu dispositiu mitjan\u00e7ant la configuraci\u00f3 del seu navegador (entre els quals es troben, per exemple, Chrome, Firefox, Safari, Explorer). En aquest sentit, els procediments per rebutjar i eliminar les cookies poden diferir d&#8217;un navegador d&#8217;Internet a un altre. En conseq\u00fc\u00e8ncia, l&#8217;Usuari ha d&#8217;acudir a les instruccions proporcionades pel propi navegador d&#8217;Internet que estigui utilitzant. En el sup\u00f2sit que rebutgi l&#8217;\u00fas de cookies \u2014totalment o parcialment\u2014 podr\u00e0 seguir usant el Lloc Web, encara que podr\u00e0 tenir limitada la utilitzaci\u00f3 d&#8217;algunes de les prestacions del mateix.<\/p>\n<p>\n        Aquest document de Pol\u00edtica de Cookies ha estat creat mitjan\u00e7ant el generador de plantilla de pol\u00edtica de cookies web gratis online el dia 18\/02\/2024.\n        <\/p>\n                    <\/div>\r\n                                    <\/div>\r\n            <\/div>\r\n        <\/div>\r\n    <\/div>\r\n<\/section>\r\n<style>\r\n    .text_content_text_1_1 h1 {\r\n        padding-bottom: 60px;\r\n        font-size: var(--tamano1-font-size);\r\n        font-weight: var(--tamano1-font-weight);\r\n        line-height: var(--tamano1-line-height);\r\n        letter-spacing: var(--tamano1-letter-spacing);\r\n        font-family: var(--tamano1-font-family);\r\n        color: var(--color-2-headings-dark);\r\n    }\r\n\r\n    .text_content_text_1_1 h2 {\r\n        padding-bottom: 60px;\r\n        font-size: var(--tamano2-font-size);\r\n        font-weight: var(--tamano2-font-weight);\r\n        line-height: var(--tamano2-line-height);\r\n        letter-spacing: var(--tamano2-letter-spacing);\r\n        font-family: var(--tamano2-font-family);\r\n        color: var(--color-2-headings-dark);\r\n    }\r\n\r\n    .text_content_text_1_1 h3 {\r\n        padding-bottom: 60px;\r\n        font-size: var(--tamano3-font-size);\r\n        font-weight: var(--tamano3-font-weight);\r\n        line-height: var(--tamano3-line-height);\r\n        letter-spacing: var(--tamano3-letter-spacing);\r\n        font-family: var(--tamano3-font-family);\r\n        color: var(--color-2-headings-dark);\r\n    }\r\n\r\n    .text_content_text_1_1 h4 {\r\n        padding-bottom: 60px;\r\n        font-size: var(--tamano4-font-size);\r\n        font-weight: var(--tamano4-font-weight);\r\n        line-height: var(--tamano4-line-height);\r\n        letter-spacing: var(--tamano4-letter-spacing);\r\n        font-family: var(--tamano4-font-family);\r\n        color: var(--color-2-headings-dark);\r\n    }\r\n\r\n    .text_content_text_1_1 ul,\r\n    .text_content_text_1_1 ol {\r\n        padding-left: 20px;\r\n    }\r\n\r\n    .text_content_text_1_1 .row .col {\r\n        padding-top: 75px;\r\n        width: 100%;\r\n    }\r\n\r\n\r\n    .text_content_text_1_1 .texto {\r\n        margin-bottom: 50px;\r\n    }\r\n\r\n    .text_content_text_1_1 .texto * {\r\n        padding-bottom: 20px;\r\n    }\r\n\r\n\r\n    .text_content_text_1_1 .row {\r\n        display: flex;\r\n        gap: 0px;\r\n    }\r\n\r\n    .text_content_text_1_1 {\r\n        position: relative;\r\n        background-position: center;\r\n        background-repeat: no-repeat;\r\n        background-size: cover;\r\n        padding: 81px 150px;\r\n        margin-top: -1px;\r\n    }\r\n\r\n    @media (max-width:1750px) {\r\n        .text_content_text_1_1 .row {\r\n            gap: 100px;\r\n        }\r\n    }\r\n\r\n    @media (max-width:1550px) {\r\n        .text_content_text_1_1 {\r\n            padding-left: 50px;\r\n            padding-right: 50px;\r\n        }\r\n    }\r\n\r\n    @media (max-width:1350px) {\r\n        .text_content_text_1_1 .row {\r\n            gap: 30px;\r\n        }\r\n    }\r\n\r\n    @media (max-width:1200px) {\r\n        .text_content_text_1_1 {\r\n            padding-left: 0;\r\n            padding-right: 0;\r\n        }\r\n    }\r\n\r\n    @media (max-width:992px) {\r\n        .text_content_text_1_1 .row .col-left {\r\n            padding-top: 0;\r\n            max-width: 100%;\r\n        }\r\n\r\n        .text_content_text_1_1 .texto {\r\n            margin-bottom: 35px;\r\n        }\r\n\r\n        .text_content_text_1_1 h2 {\r\n            padding-bottom: 40px;\r\n        }\r\n\r\n        .text_content_text_1_1 {\r\n            padding: 40px 0;\r\n        }\r\n\r\n        .text_content_text_1_1 h1 {\r\n            font-size: var(--tamano1-font-size-mobile);\r\n        }\r\n\r\n        .text_content_text_1_1 h2 {\r\n            font-size: var(--tamano2-font-size-mobile);\r\n        }\r\n\r\n        .text_content_text_1_1 h3 {\r\n            font-size: var(--tamano3-font-size-mobile);\r\n        }\r\n\r\n        .text_content_text_1_1 h4 {\r\n            font-size: var(--tamano4-font-size-mobile);\r\n        }\r\n    }\r\n<\/style>\r\n","protected":false},"excerpt":{"rendered":"","protected":false},"author":0,"featured_media":0,"parent":0,"menu_order":0,"comment_status":"open","ping_status":"closed","template":"","meta":{"_acf_changed":false,"iawp_total_views":1,"footnotes":""},"class_list":["post-788","page","type-page","status-publish","hentry"],"acf":[],"yoast_head":"<!-- This site is optimized with the Yoast SEO plugin v27.4 - https:\/\/yoast.com\/product\/yoast-seo-wordpress\/ -->\n<title>Pol\u00edtica de Cookies | Detectives T\u00e0rrega<\/title>\n<meta name=\"description\" content=\"Descubre c\u00f3mo Detectives T\u00e0rrega utiliza cookies para mejorar tu experiencia de navegaci\u00f3n, personalizar contenidos y analizar estad\u00edsticas.\" \/>\n<meta name=\"robots\" content=\"index, follow, max-snippet:-1, max-image-preview:large, max-video-preview:-1\" \/>\n<link rel=\"canonical\" href=\"https:\/\/detectivestarrega.com\/ca\/politica-de-cookies\/\" \/>\n<meta property=\"og:locale\" content=\"ca_ES\" \/>\n<meta property=\"og:type\" content=\"article\" \/>\n<meta property=\"og:title\" content=\"Pol\u00edtica de Cookies | Detectives T\u00e0rrega\" \/>\n<meta property=\"og:description\" content=\"Descubre c\u00f3mo Detectives T\u00e0rrega utiliza cookies para mejorar tu experiencia de navegaci\u00f3n, personalizar contenidos y analizar estad\u00edsticas.\" \/>\n<meta property=\"og:url\" content=\"https:\/\/detectivestarrega.com\/ca\/politica-de-cookies\/\" \/>\n<meta property=\"og:site_name\" content=\"Detectives T\u00e0rrega\" \/>\n<meta property=\"article:modified_time\" content=\"2025-08-22T09:40:55+00:00\" \/>\n<meta name=\"twitter:card\" content=\"summary_large_image\" \/>\n<!-- \/ Yoast SEO plugin. -->","yoast_head_json":{"title":"Pol\u00edtica de Cookies | Detectives T\u00e0rrega","description":"Descubre c\u00f3mo Detectives T\u00e0rrega utiliza cookies para mejorar tu experiencia de navegaci\u00f3n, personalizar contenidos y analizar estad\u00edsticas.","robots":{"index":"index","follow":"follow","max-snippet":"max-snippet:-1","max-image-preview":"max-image-preview:large","max-video-preview":"max-video-preview:-1"},"canonical":"https:\/\/detectivestarrega.com\/ca\/politica-de-cookies\/","og_locale":"ca_ES","og_type":"article","og_title":"Pol\u00edtica de Cookies | Detectives T\u00e0rrega","og_description":"Descubre c\u00f3mo Detectives T\u00e0rrega utiliza cookies para mejorar tu experiencia de navegaci\u00f3n, personalizar contenidos y analizar estad\u00edsticas.","og_url":"https:\/\/detectivestarrega.com\/ca\/politica-de-cookies\/","og_site_name":"Detectives T\u00e0rrega","article_modified_time":"2025-08-22T09:40:55+00:00","twitter_card":"summary_large_image","schema":{"@context":"https:\/\/schema.org","@graph":[{"@type":"WebPage","@id":"https:\/\/detectivestarrega.com\/ca\/politica-de-cookies\/","url":"https:\/\/detectivestarrega.com\/ca\/politica-de-cookies\/","name":"Pol\u00edtica de Cookies | Detectives T\u00e0rrega","isPartOf":{"@id":"https:\/\/detectivestarrega.com\/ca\/#website"},"datePublished":"2025-01-11T22:16:37+00:00","dateModified":"2025-08-22T09:40:55+00:00","description":"Descubre c\u00f3mo Detectives T\u00e0rrega utiliza cookies para mejorar tu experiencia de navegaci\u00f3n, personalizar contenidos y analizar estad\u00edsticas.","breadcrumb":{"@id":"https:\/\/detectivestarrega.com\/ca\/politica-de-cookies\/#breadcrumb"},"inLanguage":"ca","potentialAction":[{"@type":"ReadAction","target":["https:\/\/detectivestarrega.com\/ca\/politica-de-cookies\/"]}]},{"@type":"BreadcrumbList","@id":"https:\/\/detectivestarrega.com\/ca\/politica-de-cookies\/#breadcrumb","itemListElement":[{"@type":"ListItem","position":1,"name":"Portada","item":"https:\/\/detectivestarrega.com\/ca\/inici\/"},{"@type":"ListItem","position":2,"name":"Pol\u00edtica de cookies"}]},{"@type":"WebSite","@id":"https:\/\/detectivestarrega.com\/ca\/#website","url":"https:\/\/detectivestarrega.com\/ca\/","name":"Detectives T\u00e0rrega","description":"","publisher":{"@id":"https:\/\/detectivestarrega.com\/ca\/#organization"},"potentialAction":[{"@type":"SearchAction","target":{"@type":"EntryPoint","urlTemplate":"https:\/\/detectivestarrega.com\/ca\/?s={search_term_string}"},"query-input":{"@type":"PropertyValueSpecification","valueRequired":true,"valueName":"search_term_string"}}],"inLanguage":"ca"},{"@type":"Organization","@id":"https:\/\/detectivestarrega.com\/ca\/#organization","name":"Detectives T\u00e0rrega","url":"https:\/\/detectivestarrega.com\/ca\/","logo":{"@type":"ImageObject","inLanguage":"ca","@id":"https:\/\/detectivestarrega.com\/ca\/#\/schema\/logo\/image\/","url":"https:\/\/detectivestarrega.com\/wp-content\/uploads\/2025\/01\/Leonardo_Phoenix_09_Disea_un_logotipo_para_Detectives_Trrega_r_0.jpg","contentUrl":"https:\/\/detectivestarrega.com\/wp-content\/uploads\/2025\/01\/Leonardo_Phoenix_09_Disea_un_logotipo_para_Detectives_Trrega_r_0.jpg","width":768,"height":768,"caption":"Detectives T\u00e0rrega"},"image":{"@id":"https:\/\/detectivestarrega.com\/ca\/#\/schema\/logo\/image\/"}}]}},"_links":{"self":[{"href":"https:\/\/detectivestarrega.com\/ca\/wp-json\/wp\/v2\/pages\/788","targetHints":{"allow":["GET"]}}],"collection":[{"href":"https:\/\/detectivestarrega.com\/ca\/wp-json\/wp\/v2\/pages"}],"about":[{"href":"https:\/\/detectivestarrega.com\/ca\/wp-json\/wp\/v2\/types\/page"}],"replies":[{"embeddable":true,"href":"https:\/\/detectivestarrega.com\/ca\/wp-json\/wp\/v2\/comments?post=788"}],"version-history":[{"count":2,"href":"https:\/\/detectivestarrega.com\/ca\/wp-json\/wp\/v2\/pages\/788\/revisions"}],"predecessor-version":[{"id":879,"href":"https:\/\/detectivestarrega.com\/ca\/wp-json\/wp\/v2\/pages\/788\/revisions\/879"}],"wp:attachment":[{"href":"https:\/\/detectivestarrega.com\/ca\/wp-json\/wp\/v2\/media?parent=788"}],"curies":[{"name":"wp","href":"https:\/\/api.w.org\/{rel}","templated":true}]}}