{"id":786,"date":"2025-01-31T17:42:12","date_gmt":"2025-01-31T17:42:12","guid":{"rendered":"https:\/\/detectivestarrega.com\/declaracion-de-accesibilidad\/"},"modified":"2025-08-22T09:35:31","modified_gmt":"2025-08-22T09:35:31","slug":"declaracio-daccessibilitat","status":"publish","type":"page","link":"https:\/\/detectivestarrega.com\/ca\/declaracio-daccessibilitat\/","title":{"rendered":"Declaraci\u00f3 d&#8217;accessibilitat"},"content":{"rendered":"<section class=\"text_content_text_1_1 background-1-light\" data-block-id=\"69e10223b18af69e10223b18b0\" data-block-name=\"acf\/textcontent-1-1\" data-post-id=\"786\" data-stable-id=\"block_3a56529e7fa30baa668ae40c333e6c50\">\r\n    <div class=\"container\">\r\n        <div class=\"row\">\r\n            <div class=\"col\">\r\n                <div class=\"content-theme\">\r\n                                        <div class=\"texto color-1-headings-dark tamano7\">\r\n                        <p>&nbsp;<\/p>\n<h2 style=\"text-align: center\">PREPARACI\u00d3 DE LA SEG\u00dcENT DECLARACI\u00d3 D&#8217;ACCESSIBILITAT<\/h2>\n<p>La present declaraci\u00f3 va ser preparada el 19 de desembre de 2024.<br \/>\nEl m\u00e8tode emprat per preparar la declaraci\u00f3 ha estat una autoavaluaci\u00f3 duta a terme per la pr\u00f2pia empresa.<\/p>\n<h4>OBSERVACIONS I DADES DE CONTACTE<\/h4>\n<p>Es poden fer comunicacions sobre requisits d&#8217;accessibilitat (article 10.2.a del RD 1112\/2018) com, per exemple:<\/p>\n<ul>\n<li>Informar sobre qualsevol possible incompliment per part d&#8217;aquest lloc web<\/li>\n<li>Transmetre altres dificultats d&#8217;acc\u00e9s al contingut<\/li>\n<li>Formular qualsevol altra consulta o suggeriment de millora relativa a l&#8217;accessibilitat del lloc web<\/li>\n<\/ul>\n<p>A trav\u00e9s del\u00a0correu electr\u00f2nic de contacte\u00a0<a href=\"mailto:tarregadetectives@gmail.com\">tarregadetectives@gmail.com<\/a>.<br \/>\nEs pot presentar:<\/p>\n<ul>\n<li><strong>Queixa <\/strong>relativa al compliment dels requisits del RD 1112\/2018 o<\/li>\n<li><strong>Sol\u00b7licitud d&#8217;Informaci\u00f3 accessible <\/strong>relativa a:<\/li>\n<\/ul>\n<p>Continguts que estan exclosos de l&#8217;\u00e0mbit d&#8217;aplicaci\u00f3 del RD 1112\/2018 segons el que estableix l&#8217;article 3, apartat 4.<br \/>\nContinguts que estan exents del compliment dels requisits d&#8217;accessibilitat per imposar una c\u00e0rrega desproporcionada.<br \/>\nEn la Sol\u00b7licitud d&#8217;informaci\u00f3 accessible, s&#8217;ha de concretar, amb tota claredat, els fets, raons i petici\u00f3 que permeten constatar que es tracta d&#8217;una sol\u00b7licitud raonable i leg\u00edtima.<br \/>\nLes queixes i reclamacions sobre informaci\u00f3 accessible es realitzaran a trav\u00e9s del correu electr\u00f2nic anterior.<\/p>\n<h4>PROCEDIMENT D&#8217;APLICACI\u00d3<\/h4>\n<p>Si una vegada realitzada una sol\u00b7licitud d&#8217;informaci\u00f3 accessible o queixa, aquesta hagu\u00e9s estat desestimada, no s&#8217;estigu\u00e9s d&#8217;acord amb la decisi\u00f3 adoptada, o la resposta no compl\u00eds els requisits contemplats en l&#8217;article 12.5, la persona interessada podr\u00e0 iniciar una reclamaci\u00f3. Igualment es podr\u00e0 iniciar una reclamaci\u00f3 en el cas que hagi transcorregut el termini de vint dies h\u00e0bils sense haver obtingut resposta.<\/p>\n                    <\/div>\r\n                                    <\/div>\r\n            <\/div>\r\n        <\/div>\r\n    <\/div>\r\n<\/section>\r\n<style>\r\n    .text_content_text_1_1 h1 {\r\n        padding-bottom: 60px;\r\n        font-size: var(--tamano1-font-size);\r\n        font-weight: var(--tamano1-font-weight);\r\n        line-height: var(--tamano1-line-height);\r\n        letter-spacing: var(--tamano1-letter-spacing);\r\n        font-family: var(--tamano1-font-family);\r\n        color: var(--color-2-headings-dark);\r\n    }\r\n\r\n    .text_content_text_1_1 h2 {\r\n        padding-bottom: 60px;\r\n        font-size: var(--tamano2-font-size);\r\n        font-weight: var(--tamano2-font-weight);\r\n        line-height: var(--tamano2-line-height);\r\n        letter-spacing: var(--tamano2-letter-spacing);\r\n        font-family: var(--tamano2-font-family);\r\n        color: var(--color-2-headings-dark);\r\n    }\r\n\r\n    .text_content_text_1_1 h3 {\r\n        padding-bottom: 60px;\r\n        font-size: var(--tamano3-font-size);\r\n        font-weight: var(--tamano3-font-weight);\r\n        line-height: var(--tamano3-line-height);\r\n        letter-spacing: var(--tamano3-letter-spacing);\r\n        font-family: var(--tamano3-font-family);\r\n        color: var(--color-2-headings-dark);\r\n    }\r\n\r\n    .text_content_text_1_1 h4 {\r\n        padding-bottom: 60px;\r\n        font-size: var(--tamano4-font-size);\r\n        font-weight: var(--tamano4-font-weight);\r\n        line-height: var(--tamano4-line-height);\r\n        letter-spacing: var(--tamano4-letter-spacing);\r\n        font-family: var(--tamano4-font-family);\r\n        color: var(--color-2-headings-dark);\r\n    }\r\n\r\n    .text_content_text_1_1 ul,\r\n    .text_content_text_1_1 ol {\r\n        padding-left: 20px;\r\n    }\r\n\r\n    .text_content_text_1_1 .row .col {\r\n        padding-top: 75px;\r\n        width: 100%;\r\n    }\r\n\r\n\r\n    .text_content_text_1_1 .texto {\r\n        margin-bottom: 50px;\r\n    }\r\n\r\n    .text_content_text_1_1 .texto * {\r\n        padding-bottom: 20px;\r\n    }\r\n\r\n\r\n    .text_content_text_1_1 .row {\r\n        display: flex;\r\n        gap: 0px;\r\n    }\r\n\r\n    .text_content_text_1_1 {\r\n        position: relative;\r\n        background-position: center;\r\n        background-repeat: no-repeat;\r\n        background-size: cover;\r\n        padding: 81px 150px;\r\n        margin-top: -1px;\r\n    }\r\n\r\n    @media (max-width:1750px) {\r\n        .text_content_text_1_1 .row {\r\n            gap: 100px;\r\n        }\r\n    }\r\n\r\n    @media (max-width:1550px) {\r\n        .text_content_text_1_1 {\r\n            padding-left: 50px;\r\n            padding-right: 50px;\r\n        }\r\n    }\r\n\r\n    @media (max-width:1350px) {\r\n        .text_content_text_1_1 .row {\r\n            gap: 30px;\r\n        }\r\n    }\r\n\r\n    @media (max-width:1200px) {\r\n        .text_content_text_1_1 {\r\n            padding-left: 0;\r\n            padding-right: 0;\r\n        }\r\n    }\r\n\r\n    @media (max-width:992px) {\r\n        .text_content_text_1_1 .row .col-left {\r\n            padding-top: 0;\r\n            max-width: 100%;\r\n        }\r\n\r\n        .text_content_text_1_1 .texto {\r\n            margin-bottom: 35px;\r\n        }\r\n\r\n        .text_content_text_1_1 h2 {\r\n            padding-bottom: 40px;\r\n        }\r\n\r\n        .text_content_text_1_1 {\r\n            padding: 40px 0;\r\n        }\r\n\r\n        .text_content_text_1_1 h1 {\r\n            font-size: var(--tamano1-font-size-mobile);\r\n        }\r\n\r\n        .text_content_text_1_1 h2 {\r\n            font-size: var(--tamano2-font-size-mobile);\r\n        }\r\n\r\n        .text_content_text_1_1 h3 {\r\n            font-size: var(--tamano3-font-size-mobile);\r\n        }\r\n\r\n        .text_content_text_1_1 h4 {\r\n            font-size: var(--tamano4-font-size-mobile);\r\n        }\r\n    }\r\n<\/style>\r\n","protected":false},"excerpt":{"rendered":"","protected":false},"author":0,"featured_media":0,"parent":0,"menu_order":0,"comment_status":"open","ping_status":"closed","template":"","meta":{"_acf_changed":false,"iawp_total_views":1,"footnotes":""},"class_list":["post-786","page","type-page","status-publish","hentry"],"acf":[],"yoast_head":"<!-- This site is optimized with the Yoast SEO plugin v27.4 - https:\/\/yoast.com\/product\/yoast-seo-wordpress\/ -->\n<title>Declaraci\u00f3n de Accesibilidad - Detectives T\u00e0rrega<\/title>\n<meta name=\"description\" content=\"Explora c\u00f3mo Detectives T\u00e0rrega garantiza la accesibilidad en l\u00ednea con el RD 1112\/2018. Contacta para sugerencias o quejas.\" \/>\n<meta name=\"robots\" content=\"index, follow, max-snippet:-1, max-image-preview:large, max-video-preview:-1\" \/>\n<link rel=\"canonical\" href=\"https:\/\/detectivestarrega.com\/ca\/declaracio-daccessibilitat\/\" \/>\n<meta property=\"og:locale\" content=\"ca_ES\" \/>\n<meta property=\"og:type\" content=\"article\" \/>\n<meta property=\"og:title\" content=\"Declaraci\u00f3n de Accesibilidad - Detectives T\u00e0rrega\" \/>\n<meta property=\"og:description\" content=\"Explora c\u00f3mo Detectives T\u00e0rrega garantiza la accesibilidad en l\u00ednea con el RD 1112\/2018. Contacta para sugerencias o quejas.\" \/>\n<meta property=\"og:url\" content=\"https:\/\/detectivestarrega.com\/ca\/declaracio-daccessibilitat\/\" \/>\n<meta property=\"og:site_name\" content=\"Detectives T\u00e0rrega\" \/>\n<meta property=\"article:modified_time\" content=\"2025-08-22T09:35:31+00:00\" \/>\n<meta name=\"twitter:card\" content=\"summary_large_image\" \/>\n<!-- \/ Yoast SEO plugin. -->","yoast_head_json":{"title":"Declaraci\u00f3n de Accesibilidad - Detectives T\u00e0rrega","description":"Explora c\u00f3mo Detectives T\u00e0rrega garantiza la accesibilidad en l\u00ednea con el RD 1112\/2018. Contacta para sugerencias o quejas.","robots":{"index":"index","follow":"follow","max-snippet":"max-snippet:-1","max-image-preview":"max-image-preview:large","max-video-preview":"max-video-preview:-1"},"canonical":"https:\/\/detectivestarrega.com\/ca\/declaracio-daccessibilitat\/","og_locale":"ca_ES","og_type":"article","og_title":"Declaraci\u00f3n de Accesibilidad - Detectives T\u00e0rrega","og_description":"Explora c\u00f3mo Detectives T\u00e0rrega garantiza la accesibilidad en l\u00ednea con el RD 1112\/2018. Contacta para sugerencias o quejas.","og_url":"https:\/\/detectivestarrega.com\/ca\/declaracio-daccessibilitat\/","og_site_name":"Detectives T\u00e0rrega","article_modified_time":"2025-08-22T09:35:31+00:00","twitter_card":"summary_large_image","schema":{"@context":"https:\/\/schema.org","@graph":[{"@type":"WebPage","@id":"https:\/\/detectivestarrega.com\/ca\/declaracio-daccessibilitat\/","url":"https:\/\/detectivestarrega.com\/ca\/declaracio-daccessibilitat\/","name":"Declaraci\u00f3n de Accesibilidad - Detectives T\u00e0rrega","isPartOf":{"@id":"https:\/\/detectivestarrega.com\/ca\/#website"},"datePublished":"2025-01-31T17:42:12+00:00","dateModified":"2025-08-22T09:35:31+00:00","description":"Explora c\u00f3mo Detectives T\u00e0rrega garantiza la accesibilidad en l\u00ednea con el RD 1112\/2018. Contacta para sugerencias o quejas.","breadcrumb":{"@id":"https:\/\/detectivestarrega.com\/ca\/declaracio-daccessibilitat\/#breadcrumb"},"inLanguage":"ca","potentialAction":[{"@type":"ReadAction","target":["https:\/\/detectivestarrega.com\/ca\/declaracio-daccessibilitat\/"]}]},{"@type":"BreadcrumbList","@id":"https:\/\/detectivestarrega.com\/ca\/declaracio-daccessibilitat\/#breadcrumb","itemListElement":[{"@type":"ListItem","position":1,"name":"Portada","item":"https:\/\/detectivestarrega.com\/ca\/inici\/"},{"@type":"ListItem","position":2,"name":"Declaraci\u00f3 d&#8217;accessibilitat"}]},{"@type":"WebSite","@id":"https:\/\/detectivestarrega.com\/ca\/#website","url":"https:\/\/detectivestarrega.com\/ca\/","name":"Detectives T\u00e0rrega","description":"","publisher":{"@id":"https:\/\/detectivestarrega.com\/ca\/#organization"},"potentialAction":[{"@type":"SearchAction","target":{"@type":"EntryPoint","urlTemplate":"https:\/\/detectivestarrega.com\/ca\/?s={search_term_string}"},"query-input":{"@type":"PropertyValueSpecification","valueRequired":true,"valueName":"search_term_string"}}],"inLanguage":"ca"},{"@type":"Organization","@id":"https:\/\/detectivestarrega.com\/ca\/#organization","name":"Detectives T\u00e0rrega","url":"https:\/\/detectivestarrega.com\/ca\/","logo":{"@type":"ImageObject","inLanguage":"ca","@id":"https:\/\/detectivestarrega.com\/ca\/#\/schema\/logo\/image\/","url":"https:\/\/detectivestarrega.com\/wp-content\/uploads\/2025\/01\/Leonardo_Phoenix_09_Disea_un_logotipo_para_Detectives_Trrega_r_0.jpg","contentUrl":"https:\/\/detectivestarrega.com\/wp-content\/uploads\/2025\/01\/Leonardo_Phoenix_09_Disea_un_logotipo_para_Detectives_Trrega_r_0.jpg","width":768,"height":768,"caption":"Detectives T\u00e0rrega"},"image":{"@id":"https:\/\/detectivestarrega.com\/ca\/#\/schema\/logo\/image\/"}}]}},"_links":{"self":[{"href":"https:\/\/detectivestarrega.com\/ca\/wp-json\/wp\/v2\/pages\/786","targetHints":{"allow":["GET"]}}],"collection":[{"href":"https:\/\/detectivestarrega.com\/ca\/wp-json\/wp\/v2\/pages"}],"about":[{"href":"https:\/\/detectivestarrega.com\/ca\/wp-json\/wp\/v2\/types\/page"}],"replies":[{"embeddable":true,"href":"https:\/\/detectivestarrega.com\/ca\/wp-json\/wp\/v2\/comments?post=786"}],"version-history":[{"count":1,"href":"https:\/\/detectivestarrega.com\/ca\/wp-json\/wp\/v2\/pages\/786\/revisions"}],"predecessor-version":[{"id":872,"href":"https:\/\/detectivestarrega.com\/ca\/wp-json\/wp\/v2\/pages\/786\/revisions\/872"}],"wp:attachment":[{"href":"https:\/\/detectivestarrega.com\/ca\/wp-json\/wp\/v2\/media?parent=786"}],"curies":[{"name":"wp","href":"https:\/\/api.w.org\/{rel}","templated":true}]}}